{"id":2400,"date":"2023-04-26T15:30:55","date_gmt":"2023-04-26T15:30:55","guid":{"rendered":"https:\/\/newshop.biovitae.it\/product\/multipack-gu10-spot-5-250k-2pz\/"},"modified":"2023-04-26T15:30:55","modified_gmt":"2023-04-26T15:30:55","slug":"multipack-gu10-spot-5-250k-2pz","status":"publish","type":"product","link":"https:\/\/shop.biovitae.it\/es\/prodotto\/multipack-gu10-spot-5-250k-2pz\/","title":{"rendered":"Multipack GU10 SPOT 5.250K \u2013 2PZ"},"content":{"rendered":"<hr class=\"\" style=\"margin:0 auto 30px;\"\/>\n\n<p class=\"p1\"><span class=\"s1\">ESPECIFICACIONES T\u00c9CNICAS<\/span><\/p>\n<p class=\"p1\"><span class=\"s1\">Dimensiones<\/span><\/p>\n<ul class=\"ul1\">\n<li class=\"li2\"><span class=\"s3\">Di\u00e1metro 50 mm<\/span><\/li>\n<li class=\"li2\"><span class=\"s3\">Altura 52 mm<\/span><\/li>\n<\/ul>\n<p class=\"p1\"><span class=\"s1\">Informaci\u00f3n ambiental<\/span><\/p>\n<ul class=\"ul1\">\n<li class=\"li2\"><span class=\"s3\">Temperatura ambiente de funcionamiento: -20\u00b0C \/ +40\u00b0C<\/span><\/li>\n<\/ul>\n<p class=\"p3\"><span class=\"s1\">3 a\u00f1os de garant\u00eda<\/span><\/p>\n<p class=\"p3\"><span class=\"s1\">Consumo de energ\u00eda: 9 kWh \/ 1000 h???<\/span><\/p>\n<p class=\"p1\"><span class=\"s1\">Especificaciones t\u00e9cnicas<\/span><\/p>\n<ul class=\"ul1\">\n<li class=\"li2\"><span class=\"s3\">Peso 40gr<\/span><\/li>\n<li class=\"li2\"><span class=\"s4\">Tecnolog\u00eda: LED<\/span><\/li>\n<\/ul>\n<p class=\"p1\"><span class=\"s1\">Bombilla<\/span><\/p>\n<ul class=\"ul1\">\n<li class=\"li2\"><span class=\"s3\">Temperatura de color: 5250K<\/span><\/li>\n<li class=\"li2\"><span class=\"s3\">Di\u00e1metro: 50 mm<\/span><\/li>\n<li class=\"li2\"><span class=\"s4\">Clase de eficiencia energ\u00e9tica: ?<\/span><\/li>\n<li class=\"li2\"><span class=\"s4\">Casquillo: ??<\/span><\/li>\n<li class=\"li2\"><span class=\"s3\">Duraci\u00f3n: 20.000 horas\/18 a\u00f1os<\/span> (<span class=\"s5\">\u2243<\/span> <span class=\"s3\">3h\/d\u00eda<\/span>)<\/li>\n<li class=\"li2\"><span class=\"s4\">Flujo luminoso: 350 l\u00famenes<\/span><\/li>\n<li class=\"li2\"><span class=\"s3\">Ciclos de encendido\/apagado: 50.000<\/span><\/li>\n<li class=\"li2\"><span class=\"s4\">Factor de potencia: 0,5<\/span><\/li>\n<li class=\"li2\"><span class=\"s3\">Vida nominal: 20.000 horas<\/span><\/li>\n<li class=\"li2\"><span class=\"s3\">Encendido (cu\u00e1nto tarda en alcanzar el brillo m\u00e1ximo): &lt;&lt; 0,5 s = 60 % de luz<\/span><\/li>\n<li class=\"li2\"><span class=\"s4\">Potencia efectiva: 9W<\/span><\/li>\n<\/ul>\n<p class=\"p1\"><span class=\"s1\">DIMENSIONES Y PESO DEL PAQUETE<\/span><\/p>\n<ul class=\"ul1\">\n<li class=\"li2\"><span class=\"s4\">EAN\/UPC \u2013 4251897400008<\/span><\/li>\n<li class=\"li2\"><span class=\"s4\">Peso neto<\/span><\/li>\n<li class=\"li2\"><span class=\"s4\">Peso bruto<\/span><\/li>\n<li class=\"li2\"><span class=\"s4\">Altura 11,0 cm<\/span><\/li>\n<li class=\"li2\"><span class=\"s4\">Profundidad 5,9 cm<\/span><\/li>\n<li class=\"li2\"><span class=\"s4\">Ancho 6,0 cm<\/span><\/li>\n<\/ul>\n","protected":false},"excerpt":{"rendered":"<p>Biovitae GU10 SPOT es ideal para iluminar y proteger tus entornos de actividad y ocio.<br \/>\n<hr class=\"no_line\" style=\"margin: 0 auto 50px auto\"\/>\n<\/p>\n<p>Biovitae GU10 SPOT, el foco LED LIBRE DE RAYOS UV, es un dispositivo antimicrobiano iluminador, dise\u00f1ado para contrarrestar la proliferaci\u00f3n de cargas bacterianas y virales en superficies sometidas a acci\u00f3n directa.<\/p>\n<p>Protege tu hogar de virus y bacterias.<\/p>\n<p><hr class=\"no_line\" style=\"margin: 0 auto 10px auto\"\/>\n<br \/>\n<img decoding=\"async\" class=\"alignnone size-large wp-image-743\" src=\"https:\/\/shop.biovitae.it\/wp-content\/uploads\/2023\/04\/metodi-1.png\" alt=\"\" width=\"500\" height=\"\" srcset=\"https:\/\/shop.biovitae.it\/wp-content\/uploads\/2023\/04\/metodi-1.png 1500w, https:\/\/shop.biovitae.it\/wp-content\/uploads\/2023\/04\/metodi-1-300x34.png 300w, https:\/\/shop.biovitae.it\/wp-content\/uploads\/2023\/04\/metodi-1-1024x117.png 1024w, https:\/\/shop.biovitae.it\/wp-content\/uploads\/2023\/04\/metodi-1-768x88.png 768w, https:\/\/shop.biovitae.it\/wp-content\/uploads\/2023\/04\/metodi-1-260x30.png 260w, https:\/\/shop.biovitae.it\/wp-content\/uploads\/2023\/04\/metodi-1-50x6.png 50w, https:\/\/shop.biovitae.it\/wp-content\/uploads\/2023\/04\/metodi-1-150x17.png 150w, https:\/\/shop.biovitae.it\/wp-content\/uploads\/2023\/04\/metodi-1-800x91.png 800w\" sizes=\"(max-width:767px) 480px, (max-width:1500px) 100vw, 1500px\" \/><\/p>\n","protected":false},"featured_media":3794,"comment_status":"open","ping_status":"closed","template":"","meta":{"_acf_changed":false},"product_brand":[],"product_cat":[97],"product_tag":[],"class_list":{"0":"post-2400","1":"product","2":"type-product","3":"status-publish","4":"has-post-thumbnail","6":"product_cat-gu10-spot-es","7":"pa_intensita-5250k-es","9":"first","10":"outofstock","11":"sale","12":"shipping-taxable","13":"purchasable","14":"product-type-simple"},"acf":[],"yoast_head":"<!-- This site is optimized with the Yoast SEO Premium plugin v26.8 (Yoast SEO v27.4) - https:\/\/yoast.com\/product\/yoast-seo-premium-wordpress\/ -->\n<title>Multipack GU10 SPOT 5.250K \u2013 2PZ - Biovitae<\/title>\n<meta name=\"robots\" content=\"index, follow, max-snippet:-1, max-image-preview:large, max-video-preview:-1\" \/>\n<link rel=\"canonical\" href=\"https:\/\/shop.biovitae.it\/es\/prodotto\/multipack-gu10-spot-5-250k-2pz\/\" \/>\n<meta property=\"og:locale\" content=\"es_ES\" \/>\n<meta property=\"og:type\" content=\"article\" \/>\n<meta property=\"og:title\" content=\"Multipack GU10 SPOT 5.250K \u2013 2PZ\" \/>\n<meta property=\"og:description\" content=\"Biovitae GU10 SPOT es ideal para iluminar y proteger tus entornos de actividad y ocio.  Biovitae GU10 SPOT, el foco LED LIBRE DE RAYOS UV, es un dispositivo antimicrobiano iluminador, dise\u00f1ado para contrarrestar la proliferaci\u00f3n de cargas bacterianas y virales en superficies sometidas a acci\u00f3n directa. Protege tu hogar de virus y bacterias.\" \/>\n<meta property=\"og:url\" content=\"https:\/\/shop.biovitae.it\/es\/prodotto\/multipack-gu10-spot-5-250k-2pz\/\" \/>\n<meta property=\"og:site_name\" content=\"Biovitae\" \/>\n<meta property=\"og:image\" content=\"https:\/\/shop.biovitae.it\/wp-content\/uploads\/2023\/04\/Multipack-GU10-SPOT-5.250K-\u2013-2PZ.jpg\" \/>\n\t<meta property=\"og:image:width\" content=\"1920\" \/>\n\t<meta property=\"og:image:height\" content=\"1920\" \/>\n\t<meta property=\"og:image:type\" content=\"image\/jpeg\" \/>\n<meta name=\"twitter:card\" content=\"summary_large_image\" \/>\n<meta name=\"twitter:label1\" content=\"Tiempo de lectura\" \/>\n\t<meta name=\"twitter:data1\" content=\"1 minuto\" \/>\n<script type=\"application\/ld+json\" class=\"yoast-schema-graph\">{\"@context\":\"https:\\\/\\\/schema.org\",\"@graph\":[{\"@type\":\"WebPage\",\"@id\":\"https:\\\/\\\/shop.biovitae.it\\\/es\\\/prodotto\\\/multipack-gu10-spot-5-250k-2pz\\\/\",\"url\":\"https:\\\/\\\/shop.biovitae.it\\\/es\\\/prodotto\\\/multipack-gu10-spot-5-250k-2pz\\\/\",\"name\":\"Multipack GU10 SPOT 5.250K \u2013 2PZ - Biovitae\",\"isPartOf\":{\"@id\":\"https:\\\/\\\/shop.biovitae.it\\\/es\\\/#website\"},\"primaryImageOfPage\":{\"@id\":\"https:\\\/\\\/shop.biovitae.it\\\/es\\\/prodotto\\\/multipack-gu10-spot-5-250k-2pz\\\/#primaryimage\"},\"image\":{\"@id\":\"https:\\\/\\\/shop.biovitae.it\\\/es\\\/prodotto\\\/multipack-gu10-spot-5-250k-2pz\\\/#primaryimage\"},\"thumbnailUrl\":\"https:\\\/\\\/shop.biovitae.it\\\/wp-content\\\/uploads\\\/2023\\\/04\\\/Multipack-GU10-SPOT-5.250K-\u2013-2PZ.jpg\",\"datePublished\":\"2023-04-26T15:30:55+00:00\",\"breadcrumb\":{\"@id\":\"https:\\\/\\\/shop.biovitae.it\\\/es\\\/prodotto\\\/multipack-gu10-spot-5-250k-2pz\\\/#breadcrumb\"},\"inLanguage\":\"es\",\"potentialAction\":[{\"@type\":\"ReadAction\",\"target\":[\"https:\\\/\\\/shop.biovitae.it\\\/es\\\/prodotto\\\/multipack-gu10-spot-5-250k-2pz\\\/\"]}]},{\"@type\":\"ImageObject\",\"inLanguage\":\"es\",\"@id\":\"https:\\\/\\\/shop.biovitae.it\\\/es\\\/prodotto\\\/multipack-gu10-spot-5-250k-2pz\\\/#primaryimage\",\"url\":\"https:\\\/\\\/shop.biovitae.it\\\/wp-content\\\/uploads\\\/2023\\\/04\\\/Multipack-GU10-SPOT-5.250K-\u2013-2PZ.jpg\",\"contentUrl\":\"https:\\\/\\\/shop.biovitae.it\\\/wp-content\\\/uploads\\\/2023\\\/04\\\/Multipack-GU10-SPOT-5.250K-\u2013-2PZ.jpg\",\"width\":1920,\"height\":1920,\"caption\":\"Multipack GU10 SPOT 5.250K \u2013 2PZ\"},{\"@type\":\"BreadcrumbList\",\"@id\":\"https:\\\/\\\/shop.biovitae.it\\\/es\\\/prodotto\\\/multipack-gu10-spot-5-250k-2pz\\\/#breadcrumb\",\"itemListElement\":[{\"@type\":\"ListItem\",\"position\":1,\"name\":\"Home\",\"item\":\"https:\\\/\\\/shop.biovitae.it\\\/es\\\/\"},{\"@type\":\"ListItem\",\"position\":2,\"name\":\"Shop\",\"item\":\"https:\\\/\\\/shop.biovitae.it\\\/es\\\/shop\\\/\"},{\"@type\":\"ListItem\",\"position\":3,\"name\":\"Multipack GU10 SPOT 5.250K \u2013 2PZ\"}]},{\"@type\":\"WebSite\",\"@id\":\"https:\\\/\\\/shop.biovitae.it\\\/es\\\/#website\",\"url\":\"https:\\\/\\\/shop.biovitae.it\\\/es\\\/\",\"name\":\"Biovitae\",\"description\":\"La luce che protegge\",\"potentialAction\":[{\"@type\":\"SearchAction\",\"target\":{\"@type\":\"EntryPoint\",\"urlTemplate\":\"https:\\\/\\\/shop.biovitae.it\\\/es\\\/?s={search_term_string}\"},\"query-input\":{\"@type\":\"PropertyValueSpecification\",\"valueRequired\":true,\"valueName\":\"search_term_string\"}}],\"inLanguage\":\"es\"}]}<\/script>\n<!-- \/ Yoast SEO Premium plugin. -->","yoast_head_json":{"title":"Multipack GU10 SPOT 5.250K \u2013 2PZ - Biovitae","robots":{"index":"index","follow":"follow","max-snippet":"max-snippet:-1","max-image-preview":"max-image-preview:large","max-video-preview":"max-video-preview:-1"},"canonical":"https:\/\/shop.biovitae.it\/es\/prodotto\/multipack-gu10-spot-5-250k-2pz\/","og_locale":"es_ES","og_type":"article","og_title":"Multipack GU10 SPOT 5.250K \u2013 2PZ","og_description":"Biovitae GU10 SPOT es ideal para iluminar y proteger tus entornos de actividad y ocio.  Biovitae GU10 SPOT, el foco LED LIBRE DE RAYOS UV, es un dispositivo antimicrobiano iluminador, dise\u00f1ado para contrarrestar la proliferaci\u00f3n de cargas bacterianas y virales en superficies sometidas a acci\u00f3n directa. Protege tu hogar de virus y bacterias.","og_url":"https:\/\/shop.biovitae.it\/es\/prodotto\/multipack-gu10-spot-5-250k-2pz\/","og_site_name":"Biovitae","og_image":[{"width":1920,"height":1920,"url":"https:\/\/shop.biovitae.it\/wp-content\/uploads\/2023\/04\/Multipack-GU10-SPOT-5.250K-\u2013-2PZ.jpg","type":"image\/jpeg"}],"twitter_card":"summary_large_image","twitter_misc":{"Tiempo de lectura":"1 minuto"},"schema":{"@context":"https:\/\/schema.org","@graph":[{"@type":"WebPage","@id":"https:\/\/shop.biovitae.it\/es\/prodotto\/multipack-gu10-spot-5-250k-2pz\/","url":"https:\/\/shop.biovitae.it\/es\/prodotto\/multipack-gu10-spot-5-250k-2pz\/","name":"Multipack GU10 SPOT 5.250K \u2013 2PZ - Biovitae","isPartOf":{"@id":"https:\/\/shop.biovitae.it\/es\/#website"},"primaryImageOfPage":{"@id":"https:\/\/shop.biovitae.it\/es\/prodotto\/multipack-gu10-spot-5-250k-2pz\/#primaryimage"},"image":{"@id":"https:\/\/shop.biovitae.it\/es\/prodotto\/multipack-gu10-spot-5-250k-2pz\/#primaryimage"},"thumbnailUrl":"https:\/\/shop.biovitae.it\/wp-content\/uploads\/2023\/04\/Multipack-GU10-SPOT-5.250K-\u2013-2PZ.jpg","datePublished":"2023-04-26T15:30:55+00:00","breadcrumb":{"@id":"https:\/\/shop.biovitae.it\/es\/prodotto\/multipack-gu10-spot-5-250k-2pz\/#breadcrumb"},"inLanguage":"es","potentialAction":[{"@type":"ReadAction","target":["https:\/\/shop.biovitae.it\/es\/prodotto\/multipack-gu10-spot-5-250k-2pz\/"]}]},{"@type":"ImageObject","inLanguage":"es","@id":"https:\/\/shop.biovitae.it\/es\/prodotto\/multipack-gu10-spot-5-250k-2pz\/#primaryimage","url":"https:\/\/shop.biovitae.it\/wp-content\/uploads\/2023\/04\/Multipack-GU10-SPOT-5.250K-\u2013-2PZ.jpg","contentUrl":"https:\/\/shop.biovitae.it\/wp-content\/uploads\/2023\/04\/Multipack-GU10-SPOT-5.250K-\u2013-2PZ.jpg","width":1920,"height":1920,"caption":"Multipack GU10 SPOT 5.250K \u2013 2PZ"},{"@type":"BreadcrumbList","@id":"https:\/\/shop.biovitae.it\/es\/prodotto\/multipack-gu10-spot-5-250k-2pz\/#breadcrumb","itemListElement":[{"@type":"ListItem","position":1,"name":"Home","item":"https:\/\/shop.biovitae.it\/es\/"},{"@type":"ListItem","position":2,"name":"Shop","item":"https:\/\/shop.biovitae.it\/es\/shop\/"},{"@type":"ListItem","position":3,"name":"Multipack GU10 SPOT 5.250K \u2013 2PZ"}]},{"@type":"WebSite","@id":"https:\/\/shop.biovitae.it\/es\/#website","url":"https:\/\/shop.biovitae.it\/es\/","name":"Biovitae","description":"La luce che protegge","potentialAction":[{"@type":"SearchAction","target":{"@type":"EntryPoint","urlTemplate":"https:\/\/shop.biovitae.it\/es\/?s={search_term_string}"},"query-input":{"@type":"PropertyValueSpecification","valueRequired":true,"valueName":"search_term_string"}}],"inLanguage":"es"}]}},"_links":{"self":[{"href":"https:\/\/shop.biovitae.it\/es\/wp-json\/wp\/v2\/product\/2400","targetHints":{"allow":["GET"]}}],"collection":[{"href":"https:\/\/shop.biovitae.it\/es\/wp-json\/wp\/v2\/product"}],"about":[{"href":"https:\/\/shop.biovitae.it\/es\/wp-json\/wp\/v2\/types\/product"}],"replies":[{"embeddable":true,"href":"https:\/\/shop.biovitae.it\/es\/wp-json\/wp\/v2\/comments?post=2400"}],"wp:featuredmedia":[{"embeddable":true,"href":"https:\/\/shop.biovitae.it\/es\/wp-json\/wp\/v2\/media\/3794"}],"wp:attachment":[{"href":"https:\/\/shop.biovitae.it\/es\/wp-json\/wp\/v2\/media?parent=2400"}],"wp:term":[{"taxonomy":"product_brand","embeddable":true,"href":"https:\/\/shop.biovitae.it\/es\/wp-json\/wp\/v2\/product_brand?post=2400"},{"taxonomy":"product_cat","embeddable":true,"href":"https:\/\/shop.biovitae.it\/es\/wp-json\/wp\/v2\/product_cat?post=2400"},{"taxonomy":"product_tag","embeddable":true,"href":"https:\/\/shop.biovitae.it\/es\/wp-json\/wp\/v2\/product_tag?post=2400"}],"curies":[{"name":"wp","href":"https:\/\/api.w.org\/{rel}","templated":true}]}}