{"id":706,"date":"2022-12-12T17:12:31","date_gmt":"2022-12-12T17:12:31","guid":{"rendered":"https:\/\/newshop.biovitae.it\/product\/biovitae-domus-3-000k-calida\/"},"modified":"2023-05-16T10:11:11","modified_gmt":"2023-05-16T10:11:11","slug":"tds-biovitae-domus-a60-3000k-1-0","status":"publish","type":"product","link":"https:\/\/shop.biovitae.it\/es\/prodotto\/tds-biovitae-domus-a60-3000k-1-0\/","title":{"rendered":"Biovitae DOMUS\u2122 3.000K \u2013 C\u00e1lida"},"content":{"rendered":"<hr class=\"\" style=\"margin:0 auto 30px;\"\/>\n\n<p class=\"p1\"><span class=\"s1\">ESPECIFICACIONES T\u00c9CNICAS<\/span><\/p>\n<p class=\"p1\"><span class=\"s1\">Tama\u00f1o de la bombilla<\/span><\/p>\n<ul class=\"ul1\">\n<li class=\"li2\"><span class=\"s3\">Di\u00e1metro 60 mm<\/span><\/li>\n<li class=\"li2\"><span class=\"s3\">Altura 113 mm<\/span><\/li>\n<\/ul>\n<p class=\"p1\"><span class=\"s1\">Informaci\u00f3n ambiental<\/span><\/p>\n<ul class=\"ul1\">\n<li class=\"li2\"><span class=\"s3\">Temperatura ambiente de funcionamiento: -20\u00b0C \/ +40\u00b0C<\/span><\/li>\n<li class=\"li2\">3 a\u00f1os de garant\u00eda<\/li>\n<li class=\"li2\">Consumo de energ\u00eda: 9 kWh \/ 1000 h<\/li>\n<\/ul>\n<p class=\"p1\"><span class=\"s1\">Especificaciones t\u00e9cnicas<\/span><\/p>\n<ul class=\"ul1\">\n<li class=\"li2\"><span class=\"s4\">Peso 45,2 gr<\/span><\/li>\n<li class=\"li2\"><span class=\"s3\">Tecnolog\u00eda de bombilla: LED<\/span><\/li>\n<\/ul>\n<p class=\"p1\"><span class=\"s1\">Bombilla<\/span><\/p>\n<ul class=\"ul1\">\n<li class=\"li2\"><span class=\"s3\">Temperatura de color: 3000 \u00ba K<\/span><\/li>\n<li class=\"li2\"><span class=\"s3\">Di\u00e1metro: 60 mm<\/span><\/li>\n<li class=\"li2\"><span class=\"s4\">Clase de eficiencia energ\u00e9tica: F<\/span><\/li>\n<li class=\"li2\"><span class=\"s3\">Casquillo: E27<\/span><\/li>\n<li class=\"li2\"><span class=\"s4\">Duraci\u00f3n: 20.000 horas\/18 a\u00f1os<\/span> (<span class=\"s5\">\u2243<\/span> <span class=\"s4\">3h\/d\u00eda<\/span>)<\/li>\n<li class=\"li2\"><span class=\"s3\">Flujo luminoso: 800 l\u00famenes<\/span><\/li>\n<li class=\"li2\"><span class=\"s3\">Ciclos de encendido\/apagado: 50.000<\/span><\/li>\n<li class=\"li2\"><span class=\"s3\">Factor de potencia: 0,9<\/span><\/li>\n<li class=\"li2\"><span class=\"s4\">Vida nominal: 50.000 horas<\/span><\/li>\n<li class=\"li2\"><span class=\"s3\">Encendido (cu\u00e1nto tarda en alcanzar el brillo m\u00e1ximo): &lt;&lt; 0,5 s = 60 % de luz<\/span><\/li>\n<li class=\"li2\"><span class=\"s3\">Potencia efectiva: 9W<\/span><\/li>\n<\/ul>\n<p>DIMENSIONES Y PESO DEL PAQUETE<\/p>\n<ul>\n<li>EAN\/UPC \u2013 805050327 002 0 (EU) \uf0b7 805050327 011 2 (USA)\n<\/li>\n<li>Peso neto: 45,2g<\/li>\n<li>Peso bruto<\/li>\n<li>Altura 11,0 cm<\/li>\n<li>Profundidad 5,9 cm<\/li>\n<li>Ancho 6,0 cm<\/li>\n<\/ul>\n","protected":false},"excerpt":{"rendered":"<p>Biovitae Domus 3.000K tiene una temperatura de color adecuada para cualquier entorno dom\u00e9stico. Perfecta para el dormitorio.<br \/>\n<hr class=\"no_line\" style=\"margin: 0 auto 50px auto\"\/>\n<\/p>\n<p>Biovitae Domus, la bombilla LED LIBRE DE RAYOS UV, es un dispositivo antimicrobiano iluminador, dise\u00f1ado para contrarrestar la proliferaci\u00f3n de cargas bacterianas y virales en superficies sometidas a acci\u00f3n directa.<\/p>\n<p>Protege tu hogar de virus y bacterias.<br \/>\n<hr class=\"no_line\" style=\"margin: 0 auto 10px auto\"\/>\n<br \/>\n<img decoding=\"async\" class=\"alignnone size-large wp-image-743\" src=\"https:\/\/shop.biovitae.it\/wp-content\/uploads\/2023\/04\/metodi-1.png\" alt=\"\" width=\"500\" height=\"\" srcset=\"https:\/\/shop.biovitae.it\/wp-content\/uploads\/2023\/04\/metodi-1.png 1500w, https:\/\/shop.biovitae.it\/wp-content\/uploads\/2023\/04\/metodi-1-300x34.png 300w, https:\/\/shop.biovitae.it\/wp-content\/uploads\/2023\/04\/metodi-1-1024x117.png 1024w, https:\/\/shop.biovitae.it\/wp-content\/uploads\/2023\/04\/metodi-1-768x88.png 768w, https:\/\/shop.biovitae.it\/wp-content\/uploads\/2023\/04\/metodi-1-260x30.png 260w, https:\/\/shop.biovitae.it\/wp-content\/uploads\/2023\/04\/metodi-1-50x6.png 50w, https:\/\/shop.biovitae.it\/wp-content\/uploads\/2023\/04\/metodi-1-150x17.png 150w, https:\/\/shop.biovitae.it\/wp-content\/uploads\/2023\/04\/metodi-1-800x91.png 800w\" sizes=\"(max-width:767px) 480px, (max-width:1500px) 100vw, 1500px\" \/><\/p>\n","protected":false},"featured_media":3795,"comment_status":"open","ping_status":"closed","template":"","meta":{"_acf_changed":false},"product_brand":[],"product_cat":[90],"product_tag":[],"class_list":{"0":"post-706","1":"product","2":"type-product","3":"status-publish","4":"has-post-thumbnail","6":"product_cat-domus-a-60-es","7":"product_shipping_class-spedizione-standard-es","8":"pa_intensita-3000k-es","10":"first","11":"outofstock","12":"shipping-taxable","13":"product-type-simple"},"acf":[],"yoast_head":"<!-- This site is optimized with the Yoast SEO Premium plugin v26.8 (Yoast SEO v27.4) - https:\/\/yoast.com\/product\/yoast-seo-premium-wordpress\/ -->\n<title>Biovitae DOMUS\u2122 3.000K \u2013 C\u00e1lida - Biovitae<\/title>\n<meta name=\"robots\" content=\"index, follow, max-snippet:-1, max-image-preview:large, max-video-preview:-1\" \/>\n<link rel=\"canonical\" href=\"https:\/\/shop.biovitae.it\/es\/prodotto\/tds-biovitae-domus-a60-3000k-1-0\/\" \/>\n<meta property=\"og:locale\" content=\"es_ES\" \/>\n<meta property=\"og:type\" content=\"article\" \/>\n<meta property=\"og:title\" content=\"Biovitae DOMUS\u2122 3.000K \u2013 C\u00e1lida\" \/>\n<meta property=\"og:description\" content=\"Biovitae Domus 3.000K tiene una temperatura de color adecuada para cualquier entorno dom\u00e9stico. Perfecta para el dormitorio.  Biovitae Domus, la bombilla LED LIBRE DE RAYOS UV, es un dispositivo antimicrobiano iluminador, dise\u00f1ado para contrarrestar la proliferaci\u00f3n de cargas bacterianas y virales en superficies sometidas a acci\u00f3n directa. Protege tu hogar de virus y bacterias.\" \/>\n<meta property=\"og:url\" content=\"https:\/\/shop.biovitae.it\/es\/prodotto\/tds-biovitae-domus-a60-3000k-1-0\/\" \/>\n<meta property=\"og:site_name\" content=\"Biovitae\" \/>\n<meta property=\"article:modified_time\" content=\"2023-05-16T10:11:11+00:00\" \/>\n<meta name=\"twitter:card\" content=\"summary_large_image\" \/>\n<meta name=\"twitter:label1\" content=\"Tiempo de lectura\" \/>\n\t<meta name=\"twitter:data1\" content=\"1 minuto\" \/>\n<script type=\"application\/ld+json\" class=\"yoast-schema-graph\">{\"@context\":\"https:\\\/\\\/schema.org\",\"@graph\":[{\"@type\":\"WebPage\",\"@id\":\"https:\\\/\\\/shop.biovitae.it\\\/es\\\/prodotto\\\/tds-biovitae-domus-a60-3000k-1-0\\\/\",\"url\":\"https:\\\/\\\/shop.biovitae.it\\\/es\\\/prodotto\\\/tds-biovitae-domus-a60-3000k-1-0\\\/\",\"name\":\"Biovitae DOMUS\u2122 3.000K \u2013 C\u00e1lida - Biovitae\",\"isPartOf\":{\"@id\":\"https:\\\/\\\/shop.biovitae.it\\\/es\\\/#website\"},\"primaryImageOfPage\":{\"@id\":\"https:\\\/\\\/shop.biovitae.it\\\/es\\\/prodotto\\\/tds-biovitae-domus-a60-3000k-1-0\\\/#primaryimage\"},\"image\":{\"@id\":\"https:\\\/\\\/shop.biovitae.it\\\/es\\\/prodotto\\\/tds-biovitae-domus-a60-3000k-1-0\\\/#primaryimage\"},\"thumbnailUrl\":\"https:\\\/\\\/shop.biovitae.it\\\/wp-content\\\/uploads\\\/2022\\\/12\\\/Biovitae-DOMUS\u2122-3.000K-Warm.png\",\"datePublished\":\"2022-12-12T17:12:31+00:00\",\"dateModified\":\"2023-05-16T10:11:11+00:00\",\"breadcrumb\":{\"@id\":\"https:\\\/\\\/shop.biovitae.it\\\/es\\\/prodotto\\\/tds-biovitae-domus-a60-3000k-1-0\\\/#breadcrumb\"},\"inLanguage\":\"es\",\"potentialAction\":[{\"@type\":\"ReadAction\",\"target\":[\"https:\\\/\\\/shop.biovitae.it\\\/es\\\/prodotto\\\/tds-biovitae-domus-a60-3000k-1-0\\\/\"]}]},{\"@type\":\"ImageObject\",\"inLanguage\":\"es\",\"@id\":\"https:\\\/\\\/shop.biovitae.it\\\/es\\\/prodotto\\\/tds-biovitae-domus-a60-3000k-1-0\\\/#primaryimage\",\"url\":\"https:\\\/\\\/shop.biovitae.it\\\/wp-content\\\/uploads\\\/2022\\\/12\\\/Biovitae-DOMUS\u2122-3.000K-Warm.png\",\"contentUrl\":\"https:\\\/\\\/shop.biovitae.it\\\/wp-content\\\/uploads\\\/2022\\\/12\\\/Biovitae-DOMUS\u2122-3.000K-Warm.png\",\"width\":1920,\"height\":1920,\"caption\":\"Biovitae-DOMUS\u2122-3.000K-Warm\"},{\"@type\":\"BreadcrumbList\",\"@id\":\"https:\\\/\\\/shop.biovitae.it\\\/es\\\/prodotto\\\/tds-biovitae-domus-a60-3000k-1-0\\\/#breadcrumb\",\"itemListElement\":[{\"@type\":\"ListItem\",\"position\":1,\"name\":\"Home\",\"item\":\"https:\\\/\\\/shop.biovitae.it\\\/es\\\/\"},{\"@type\":\"ListItem\",\"position\":2,\"name\":\"Shop\",\"item\":\"https:\\\/\\\/shop.biovitae.it\\\/es\\\/shop\\\/\"},{\"@type\":\"ListItem\",\"position\":3,\"name\":\"Biovitae DOMUS\u2122 3.000K \u2013 C\u00e1lida\"}]},{\"@type\":\"WebSite\",\"@id\":\"https:\\\/\\\/shop.biovitae.it\\\/es\\\/#website\",\"url\":\"https:\\\/\\\/shop.biovitae.it\\\/es\\\/\",\"name\":\"Biovitae\",\"description\":\"La luce che protegge\",\"potentialAction\":[{\"@type\":\"SearchAction\",\"target\":{\"@type\":\"EntryPoint\",\"urlTemplate\":\"https:\\\/\\\/shop.biovitae.it\\\/es\\\/?s={search_term_string}\"},\"query-input\":{\"@type\":\"PropertyValueSpecification\",\"valueRequired\":true,\"valueName\":\"search_term_string\"}}],\"inLanguage\":\"es\"}]}<\/script>\n<!-- \/ Yoast SEO Premium plugin. -->","yoast_head_json":{"title":"Biovitae DOMUS\u2122 3.000K \u2013 C\u00e1lida - Biovitae","robots":{"index":"index","follow":"follow","max-snippet":"max-snippet:-1","max-image-preview":"max-image-preview:large","max-video-preview":"max-video-preview:-1"},"canonical":"https:\/\/shop.biovitae.it\/es\/prodotto\/tds-biovitae-domus-a60-3000k-1-0\/","og_locale":"es_ES","og_type":"article","og_title":"Biovitae DOMUS\u2122 3.000K \u2013 C\u00e1lida","og_description":"Biovitae Domus 3.000K tiene una temperatura de color adecuada para cualquier entorno dom\u00e9stico. Perfecta para el dormitorio.  Biovitae Domus, la bombilla LED LIBRE DE RAYOS UV, es un dispositivo antimicrobiano iluminador, dise\u00f1ado para contrarrestar la proliferaci\u00f3n de cargas bacterianas y virales en superficies sometidas a acci\u00f3n directa. Protege tu hogar de virus y bacterias.","og_url":"https:\/\/shop.biovitae.it\/es\/prodotto\/tds-biovitae-domus-a60-3000k-1-0\/","og_site_name":"Biovitae","article_modified_time":"2023-05-16T10:11:11+00:00","twitter_card":"summary_large_image","twitter_misc":{"Tiempo de lectura":"1 minuto"},"schema":{"@context":"https:\/\/schema.org","@graph":[{"@type":"WebPage","@id":"https:\/\/shop.biovitae.it\/es\/prodotto\/tds-biovitae-domus-a60-3000k-1-0\/","url":"https:\/\/shop.biovitae.it\/es\/prodotto\/tds-biovitae-domus-a60-3000k-1-0\/","name":"Biovitae DOMUS\u2122 3.000K \u2013 C\u00e1lida - Biovitae","isPartOf":{"@id":"https:\/\/shop.biovitae.it\/es\/#website"},"primaryImageOfPage":{"@id":"https:\/\/shop.biovitae.it\/es\/prodotto\/tds-biovitae-domus-a60-3000k-1-0\/#primaryimage"},"image":{"@id":"https:\/\/shop.biovitae.it\/es\/prodotto\/tds-biovitae-domus-a60-3000k-1-0\/#primaryimage"},"thumbnailUrl":"https:\/\/shop.biovitae.it\/wp-content\/uploads\/2022\/12\/Biovitae-DOMUS\u2122-3.000K-Warm.png","datePublished":"2022-12-12T17:12:31+00:00","dateModified":"2023-05-16T10:11:11+00:00","breadcrumb":{"@id":"https:\/\/shop.biovitae.it\/es\/prodotto\/tds-biovitae-domus-a60-3000k-1-0\/#breadcrumb"},"inLanguage":"es","potentialAction":[{"@type":"ReadAction","target":["https:\/\/shop.biovitae.it\/es\/prodotto\/tds-biovitae-domus-a60-3000k-1-0\/"]}]},{"@type":"ImageObject","inLanguage":"es","@id":"https:\/\/shop.biovitae.it\/es\/prodotto\/tds-biovitae-domus-a60-3000k-1-0\/#primaryimage","url":"https:\/\/shop.biovitae.it\/wp-content\/uploads\/2022\/12\/Biovitae-DOMUS\u2122-3.000K-Warm.png","contentUrl":"https:\/\/shop.biovitae.it\/wp-content\/uploads\/2022\/12\/Biovitae-DOMUS\u2122-3.000K-Warm.png","width":1920,"height":1920,"caption":"Biovitae-DOMUS\u2122-3.000K-Warm"},{"@type":"BreadcrumbList","@id":"https:\/\/shop.biovitae.it\/es\/prodotto\/tds-biovitae-domus-a60-3000k-1-0\/#breadcrumb","itemListElement":[{"@type":"ListItem","position":1,"name":"Home","item":"https:\/\/shop.biovitae.it\/es\/"},{"@type":"ListItem","position":2,"name":"Shop","item":"https:\/\/shop.biovitae.it\/es\/shop\/"},{"@type":"ListItem","position":3,"name":"Biovitae DOMUS\u2122 3.000K \u2013 C\u00e1lida"}]},{"@type":"WebSite","@id":"https:\/\/shop.biovitae.it\/es\/#website","url":"https:\/\/shop.biovitae.it\/es\/","name":"Biovitae","description":"La luce che protegge","potentialAction":[{"@type":"SearchAction","target":{"@type":"EntryPoint","urlTemplate":"https:\/\/shop.biovitae.it\/es\/?s={search_term_string}"},"query-input":{"@type":"PropertyValueSpecification","valueRequired":true,"valueName":"search_term_string"}}],"inLanguage":"es"}]}},"_links":{"self":[{"href":"https:\/\/shop.biovitae.it\/es\/wp-json\/wp\/v2\/product\/706","targetHints":{"allow":["GET"]}}],"collection":[{"href":"https:\/\/shop.biovitae.it\/es\/wp-json\/wp\/v2\/product"}],"about":[{"href":"https:\/\/shop.biovitae.it\/es\/wp-json\/wp\/v2\/types\/product"}],"replies":[{"embeddable":true,"href":"https:\/\/shop.biovitae.it\/es\/wp-json\/wp\/v2\/comments?post=706"}],"wp:featuredmedia":[{"embeddable":true,"href":"https:\/\/shop.biovitae.it\/es\/wp-json\/wp\/v2\/media\/3795"}],"wp:attachment":[{"href":"https:\/\/shop.biovitae.it\/es\/wp-json\/wp\/v2\/media?parent=706"}],"wp:term":[{"taxonomy":"product_brand","embeddable":true,"href":"https:\/\/shop.biovitae.it\/es\/wp-json\/wp\/v2\/product_brand?post=706"},{"taxonomy":"product_cat","embeddable":true,"href":"https:\/\/shop.biovitae.it\/es\/wp-json\/wp\/v2\/product_cat?post=706"},{"taxonomy":"product_tag","embeddable":true,"href":"https:\/\/shop.biovitae.it\/es\/wp-json\/wp\/v2\/product_tag?post=706"}],"curies":[{"name":"wp","href":"https:\/\/api.w.org\/{rel}","templated":true}]}}