{"id":2544,"date":"2022-12-01T16:26:43","date_gmt":"2022-12-01T16:26:43","guid":{"rendered":"https:\/\/newshop.biovitae.it\/product\/biovitae-gu10-spot-5-250k-froid\/"},"modified":"2023-05-16T10:08:05","modified_gmt":"2023-05-16T10:08:05","slug":"biovitae-gu10-spot-5250k","status":"publish","type":"product","link":"https:\/\/shop.biovitae.it\/fr\/prodotto\/biovitae-gu10-spot-5250k\/","title":{"rendered":"Biovitae GU10 SPOT 5.250K &#8211; Froid"},"content":{"rendered":"<hr class=\"\" style=\"margin:0 auto 30px;\"\/>\n\n<p class=\"p1\"><span class=\"s1\">SP\u00c9CIFICATIONS TECHNIQUES<\/span><\/p>\n<p class=\"p1\"><span class=\"s1\">Dimensions<\/span><\/p>\n<ul class=\"ul1\">\n<li class=\"li2\"><span class=\"s3\">Diam\u00e8tre 50mm<\/span><\/li>\n<li class=\"li2\"><span class=\"s3\">Hauteur 52mm<\/span><\/li>\n<\/ul>\n<p class=\"p1\"><span class=\"s1\">Informations environnementales<\/span><\/p>\n<ul class=\"ul1\">\n<li class=\"li2\"><span class=\"s3\">Temp\u00e9rature ambiante de fonctionnement : -20\u00b0C \/ +40\u00b0C<\/span><\/li>\n<\/ul>\n<p class=\"p3\"><span class=\"s1\">Garantie : 3 ans<\/span><\/p>\n<p class=\"p3\">Consommation \u00e9nerg\u00e9tique : 5 kWh\/1000h<\/p>\n<p class=\"p1\"><span class=\"s1\">Sp\u00e9cifications techniques<\/span><\/p>\n<ul class=\"ul1\">\n<li class=\"li2\"><span class=\"s3\">Poids 40gr<\/span><\/li>\n<li class=\"li2\"><span class=\"s4\">Technologie: LED<\/span><\/li>\n<\/ul>\n<p class=\"p1\"><span class=\"s1\">Ampoule<\/span><\/p>\n<ul class=\"ul1\">\n<li class=\"li2\"><span class=\"s3\">Temp\u00e9rature de couleur: 5250 \u00b0K<\/span><\/li>\n<li class=\"li2\"><span class=\"s3\">Diam\u00e8tre: 50mm<\/span><\/li>\n<li class=\"li2\"><span class=\"s4\">Classe d&rsquo;efficacit\u00e9 \u00e9nerg\u00e9tique: G<\/span><\/li>\n<li class=\"li2\"><span class=\"s4\">Douille: GU10<\/span><\/li>\n<li class=\"li2\"><span class=\"s3\">Dur\u00e9e : 20 000 heures\/18 ans (<\/span><span class=\"s5\">\u2243<\/span><span class=\"s3\"> 3h\/jour)<\/span><\/li>\n<li class=\"li2\"><span class=\"s4\">Flux lumineux: 350 Lumen<\/span><\/li>\n<li class=\"li2\"><span class=\"s3\">Cycles marche\/arr\u00eat : 50 000<\/span><\/li>\n<li class=\"li2\"><span class=\"s4\">Facteur de puissance: 0.5<\/span><\/li>\n<li class=\"li2\"><span class=\"s3\">Dur\u00e9e de vie nominale : 20 000 heures<\/span><\/li>\n<li class=\"li2\"><span class=\"s3\">Allumage (combien de temps il faut pour atteindre la luminosit\u00e9 maximale): &lt;&lt; 0,5 s = 60 % de lumi\u00e8re<\/span><\/li>\n<li class=\"li2\"><span class=\"s4\">Puissance effective: 4,7W<\/span><\/li>\n<\/ul>\n<p class=\"p1\"><span class=\"s1\">DIMENSIONS ET POIDS DE L\u2019EMBALLAGE<\/span><\/p>\n<ul class=\"ul1\">\n<li class=\"li2\">805050327 005 1(EU) 805050327 014 3 (USA)<\/li>\n<li class=\"li2\"><span class=\"s4\">Poids net: 40gr<\/span><\/li>\n<li class=\"li2\"><span class=\"s4\">Poids brut<\/span><\/li>\n<li class=\"li2\"><span class=\"s4\">Hauteur 11.0cm<\/span><\/li>\n<li class=\"li2\"><span class=\"s4\">Profondeur 5,9 cm<\/span><\/li>\n<li class=\"li2\"><span class=\"s4\">Largeur 6.0cm<\/span><\/li>\n<\/ul>\n","protected":false},"excerpt":{"rendered":"<p>Biovitae GU10 SPOT est id\u00e9al pour \u00e9clairer et prot\u00e9ger vos pi\u00e8ces d&rsquo;activit\u00e9s et de loisirs.<br \/>\n<hr class=\"no_line\" style=\"margin: 0 auto 50px auto\"\/>\n<\/p>\n<p>Biovitae GU10 SPOT, le spot LED UV FREE, est un dispositif \u00e9clairant antimicrobien, con\u00e7u pour lutter contre la prolif\u00e9ration des charges bact\u00e9riennes et virales sur les surfaces soumises \u00e0 une action directe.<\/p>\n<p>Prot\u00e9gez votre maison contre les virus et les bact\u00e9ries.<br \/>\n<hr class=\"no_line\" style=\"margin: 0 auto 10px auto\"\/>\n<br \/>\n<img decoding=\"async\" class=\"alignnone size-large wp-image-743\" src=\"https:\/\/shop.biovitae.it\/wp-content\/uploads\/2023\/04\/metodi-1.png\" alt=\"\" width=\"500\" height=\"\" srcset=\"https:\/\/shop.biovitae.it\/wp-content\/uploads\/2023\/04\/metodi-1.png 1500w, https:\/\/shop.biovitae.it\/wp-content\/uploads\/2023\/04\/metodi-1-300x34.png 300w, https:\/\/shop.biovitae.it\/wp-content\/uploads\/2023\/04\/metodi-1-1024x117.png 1024w, https:\/\/shop.biovitae.it\/wp-content\/uploads\/2023\/04\/metodi-1-768x88.png 768w, https:\/\/shop.biovitae.it\/wp-content\/uploads\/2023\/04\/metodi-1-260x30.png 260w, https:\/\/shop.biovitae.it\/wp-content\/uploads\/2023\/04\/metodi-1-50x6.png 50w, https:\/\/shop.biovitae.it\/wp-content\/uploads\/2023\/04\/metodi-1-150x17.png 150w, https:\/\/shop.biovitae.it\/wp-content\/uploads\/2023\/04\/metodi-1-800x91.png 800w\" sizes=\"(max-width:767px) 480px, (max-width:1500px) 100vw, 1500px\" \/><\/p>\n","protected":false},"featured_media":4344,"comment_status":"open","ping_status":"closed","template":"","meta":{"_acf_changed":false},"product_brand":[],"product_cat":[94],"product_tag":[],"class_list":{"0":"post-2544","1":"product","2":"type-product","3":"status-publish","4":"has-post-thumbnail","6":"product_cat-gu10-spot-fr","7":"pa_intensita-5250k-fr","9":"first","10":"outofstock","11":"shipping-taxable","12":"product-type-simple"},"acf":[],"yoast_head":"<!-- This site is optimized with the Yoast SEO Premium plugin v26.8 (Yoast SEO v27.4) - https:\/\/yoast.com\/product\/yoast-seo-premium-wordpress\/ -->\n<title>Biovitae GU10 SPOT 5.250K - Froid - Biovitae<\/title>\n<meta name=\"robots\" content=\"index, follow, max-snippet:-1, max-image-preview:large, max-video-preview:-1\" \/>\n<link rel=\"canonical\" href=\"https:\/\/shop.biovitae.it\/fr\/prodotto\/biovitae-gu10-spot-5250k\/\" \/>\n<meta property=\"og:locale\" content=\"fr_FR\" \/>\n<meta property=\"og:type\" content=\"article\" \/>\n<meta property=\"og:title\" content=\"Biovitae GU10 SPOT 5.250K - Froid\" \/>\n<meta property=\"og:description\" content=\"Biovitae GU10 SPOT est id\u00e9al pour \u00e9clairer et prot\u00e9ger vos pi\u00e8ces d&#039;activit\u00e9s et de loisirs.  Biovitae GU10 SPOT, le spot LED UV FREE, est un dispositif \u00e9clairant antimicrobien, con\u00e7u pour lutter contre la prolif\u00e9ration des charges bact\u00e9riennes et virales sur les surfaces soumises \u00e0 une action directe. Prot\u00e9gez votre maison contre les virus et les bact\u00e9ries.\" \/>\n<meta property=\"og:url\" content=\"https:\/\/shop.biovitae.it\/fr\/prodotto\/biovitae-gu10-spot-5250k\/\" \/>\n<meta property=\"og:site_name\" content=\"Biovitae\" \/>\n<meta property=\"article:modified_time\" content=\"2023-05-16T10:08:05+00:00\" \/>\n<meta property=\"og:image\" content=\"https:\/\/shop.biovitae.it\/wp-content\/uploads\/2022\/12\/Gu_10_001.jpg\" \/>\n\t<meta property=\"og:image:width\" content=\"1200\" \/>\n\t<meta property=\"og:image:height\" content=\"1343\" \/>\n\t<meta property=\"og:image:type\" content=\"image\/jpeg\" \/>\n<meta name=\"twitter:card\" content=\"summary_large_image\" \/>\n<meta name=\"twitter:label1\" content=\"Dur\u00e9e de lecture estim\u00e9e\" \/>\n\t<meta name=\"twitter:data1\" content=\"1 minute\" \/>\n<script type=\"application\/ld+json\" class=\"yoast-schema-graph\">{\"@context\":\"https:\\\/\\\/schema.org\",\"@graph\":[{\"@type\":\"WebPage\",\"@id\":\"https:\\\/\\\/shop.biovitae.it\\\/fr\\\/prodotto\\\/biovitae-gu10-spot-5250k\\\/\",\"url\":\"https:\\\/\\\/shop.biovitae.it\\\/fr\\\/prodotto\\\/biovitae-gu10-spot-5250k\\\/\",\"name\":\"Biovitae GU10 SPOT 5.250K - Froid - Biovitae\",\"isPartOf\":{\"@id\":\"https:\\\/\\\/shop.biovitae.it\\\/fr\\\/#website\"},\"primaryImageOfPage\":{\"@id\":\"https:\\\/\\\/shop.biovitae.it\\\/fr\\\/prodotto\\\/biovitae-gu10-spot-5250k\\\/#primaryimage\"},\"image\":{\"@id\":\"https:\\\/\\\/shop.biovitae.it\\\/fr\\\/prodotto\\\/biovitae-gu10-spot-5250k\\\/#primaryimage\"},\"thumbnailUrl\":\"https:\\\/\\\/shop.biovitae.it\\\/wp-content\\\/uploads\\\/2022\\\/12\\\/Gu_10_001.jpg\",\"datePublished\":\"2022-12-01T16:26:43+00:00\",\"dateModified\":\"2023-05-16T10:08:05+00:00\",\"breadcrumb\":{\"@id\":\"https:\\\/\\\/shop.biovitae.it\\\/fr\\\/prodotto\\\/biovitae-gu10-spot-5250k\\\/#breadcrumb\"},\"inLanguage\":\"fr-FR\",\"potentialAction\":[{\"@type\":\"ReadAction\",\"target\":[\"https:\\\/\\\/shop.biovitae.it\\\/fr\\\/prodotto\\\/biovitae-gu10-spot-5250k\\\/\"]}]},{\"@type\":\"ImageObject\",\"inLanguage\":\"fr-FR\",\"@id\":\"https:\\\/\\\/shop.biovitae.it\\\/fr\\\/prodotto\\\/biovitae-gu10-spot-5250k\\\/#primaryimage\",\"url\":\"https:\\\/\\\/shop.biovitae.it\\\/wp-content\\\/uploads\\\/2022\\\/12\\\/Gu_10_001.jpg\",\"contentUrl\":\"https:\\\/\\\/shop.biovitae.it\\\/wp-content\\\/uploads\\\/2022\\\/12\\\/Gu_10_001.jpg\",\"width\":1200,\"height\":1343},{\"@type\":\"BreadcrumbList\",\"@id\":\"https:\\\/\\\/shop.biovitae.it\\\/fr\\\/prodotto\\\/biovitae-gu10-spot-5250k\\\/#breadcrumb\",\"itemListElement\":[{\"@type\":\"ListItem\",\"position\":1,\"name\":\"Home\",\"item\":\"https:\\\/\\\/shop.biovitae.it\\\/fr\\\/\"},{\"@type\":\"ListItem\",\"position\":2,\"name\":\"Boutique\",\"item\":\"https:\\\/\\\/shop.biovitae.it\\\/shop\\\/\"},{\"@type\":\"ListItem\",\"position\":3,\"name\":\"Biovitae GU10 SPOT 5.250K &#8211; Froid\"}]},{\"@type\":\"WebSite\",\"@id\":\"https:\\\/\\\/shop.biovitae.it\\\/fr\\\/#website\",\"url\":\"https:\\\/\\\/shop.biovitae.it\\\/fr\\\/\",\"name\":\"Biovitae\",\"description\":\"La luce che protegge\",\"potentialAction\":[{\"@type\":\"SearchAction\",\"target\":{\"@type\":\"EntryPoint\",\"urlTemplate\":\"https:\\\/\\\/shop.biovitae.it\\\/fr\\\/?s={search_term_string}\"},\"query-input\":{\"@type\":\"PropertyValueSpecification\",\"valueRequired\":true,\"valueName\":\"search_term_string\"}}],\"inLanguage\":\"fr-FR\"}]}<\/script>\n<!-- \/ Yoast SEO Premium plugin. -->","yoast_head_json":{"title":"Biovitae GU10 SPOT 5.250K - Froid - Biovitae","robots":{"index":"index","follow":"follow","max-snippet":"max-snippet:-1","max-image-preview":"max-image-preview:large","max-video-preview":"max-video-preview:-1"},"canonical":"https:\/\/shop.biovitae.it\/fr\/prodotto\/biovitae-gu10-spot-5250k\/","og_locale":"fr_FR","og_type":"article","og_title":"Biovitae GU10 SPOT 5.250K - Froid","og_description":"Biovitae GU10 SPOT est id\u00e9al pour \u00e9clairer et prot\u00e9ger vos pi\u00e8ces d'activit\u00e9s et de loisirs.  Biovitae GU10 SPOT, le spot LED UV FREE, est un dispositif \u00e9clairant antimicrobien, con\u00e7u pour lutter contre la prolif\u00e9ration des charges bact\u00e9riennes et virales sur les surfaces soumises \u00e0 une action directe. Prot\u00e9gez votre maison contre les virus et les bact\u00e9ries.","og_url":"https:\/\/shop.biovitae.it\/fr\/prodotto\/biovitae-gu10-spot-5250k\/","og_site_name":"Biovitae","article_modified_time":"2023-05-16T10:08:05+00:00","og_image":[{"width":1200,"height":1343,"url":"https:\/\/shop.biovitae.it\/wp-content\/uploads\/2022\/12\/Gu_10_001.jpg","type":"image\/jpeg"}],"twitter_card":"summary_large_image","twitter_misc":{"Dur\u00e9e de lecture estim\u00e9e":"1 minute"},"schema":{"@context":"https:\/\/schema.org","@graph":[{"@type":"WebPage","@id":"https:\/\/shop.biovitae.it\/fr\/prodotto\/biovitae-gu10-spot-5250k\/","url":"https:\/\/shop.biovitae.it\/fr\/prodotto\/biovitae-gu10-spot-5250k\/","name":"Biovitae GU10 SPOT 5.250K - Froid - Biovitae","isPartOf":{"@id":"https:\/\/shop.biovitae.it\/fr\/#website"},"primaryImageOfPage":{"@id":"https:\/\/shop.biovitae.it\/fr\/prodotto\/biovitae-gu10-spot-5250k\/#primaryimage"},"image":{"@id":"https:\/\/shop.biovitae.it\/fr\/prodotto\/biovitae-gu10-spot-5250k\/#primaryimage"},"thumbnailUrl":"https:\/\/shop.biovitae.it\/wp-content\/uploads\/2022\/12\/Gu_10_001.jpg","datePublished":"2022-12-01T16:26:43+00:00","dateModified":"2023-05-16T10:08:05+00:00","breadcrumb":{"@id":"https:\/\/shop.biovitae.it\/fr\/prodotto\/biovitae-gu10-spot-5250k\/#breadcrumb"},"inLanguage":"fr-FR","potentialAction":[{"@type":"ReadAction","target":["https:\/\/shop.biovitae.it\/fr\/prodotto\/biovitae-gu10-spot-5250k\/"]}]},{"@type":"ImageObject","inLanguage":"fr-FR","@id":"https:\/\/shop.biovitae.it\/fr\/prodotto\/biovitae-gu10-spot-5250k\/#primaryimage","url":"https:\/\/shop.biovitae.it\/wp-content\/uploads\/2022\/12\/Gu_10_001.jpg","contentUrl":"https:\/\/shop.biovitae.it\/wp-content\/uploads\/2022\/12\/Gu_10_001.jpg","width":1200,"height":1343},{"@type":"BreadcrumbList","@id":"https:\/\/shop.biovitae.it\/fr\/prodotto\/biovitae-gu10-spot-5250k\/#breadcrumb","itemListElement":[{"@type":"ListItem","position":1,"name":"Home","item":"https:\/\/shop.biovitae.it\/fr\/"},{"@type":"ListItem","position":2,"name":"Boutique","item":"https:\/\/shop.biovitae.it\/shop\/"},{"@type":"ListItem","position":3,"name":"Biovitae GU10 SPOT 5.250K &#8211; Froid"}]},{"@type":"WebSite","@id":"https:\/\/shop.biovitae.it\/fr\/#website","url":"https:\/\/shop.biovitae.it\/fr\/","name":"Biovitae","description":"La luce che protegge","potentialAction":[{"@type":"SearchAction","target":{"@type":"EntryPoint","urlTemplate":"https:\/\/shop.biovitae.it\/fr\/?s={search_term_string}"},"query-input":{"@type":"PropertyValueSpecification","valueRequired":true,"valueName":"search_term_string"}}],"inLanguage":"fr-FR"}]}},"_links":{"self":[{"href":"https:\/\/shop.biovitae.it\/fr\/wp-json\/wp\/v2\/product\/2544","targetHints":{"allow":["GET"]}}],"collection":[{"href":"https:\/\/shop.biovitae.it\/fr\/wp-json\/wp\/v2\/product"}],"about":[{"href":"https:\/\/shop.biovitae.it\/fr\/wp-json\/wp\/v2\/types\/product"}],"replies":[{"embeddable":true,"href":"https:\/\/shop.biovitae.it\/fr\/wp-json\/wp\/v2\/comments?post=2544"}],"wp:featuredmedia":[{"embeddable":true,"href":"https:\/\/shop.biovitae.it\/fr\/wp-json\/wp\/v2\/media\/4344"}],"wp:attachment":[{"href":"https:\/\/shop.biovitae.it\/fr\/wp-json\/wp\/v2\/media?parent=2544"}],"wp:term":[{"taxonomy":"product_brand","embeddable":true,"href":"https:\/\/shop.biovitae.it\/fr\/wp-json\/wp\/v2\/product_brand?post=2544"},{"taxonomy":"product_cat","embeddable":true,"href":"https:\/\/shop.biovitae.it\/fr\/wp-json\/wp\/v2\/product_cat?post=2544"},{"taxonomy":"product_tag","embeddable":true,"href":"https:\/\/shop.biovitae.it\/fr\/wp-json\/wp\/v2\/product_tag?post=2544"}],"curies":[{"name":"wp","href":"https:\/\/api.w.org\/{rel}","templated":true}]}}